{"id":405,"date":"2016-06-21T15:24:30","date_gmt":"2016-06-21T13:24:30","guid":{"rendered":"http:\/\/www.kantaberlin.de\/test\/wordpress\/?page_id=405"},"modified":"2021-12-07T10:10:15","modified_gmt":"2021-12-07T09:10:15","slug":"impressum","status":"publish","type":"page","link":"https:\/\/www.kantaberlin.de\/my-blog\/impressum\/","title":{"rendered":"Impressum"},"content":{"rendered":"<div class=\"left\"><img loading=\"lazy\" decoding=\"async\" class=\"size-full wp-image-1079 alignleft\" src=\"https:\/\/www.kantaberlin.de\/my-blog\/wp-content\/uploads\/2017\/03\/kantaberlin-buero-telefon.gif\" alt=\"\" width=\"500\" height=\"500\" \/><\/div>\n<div class=\"left\">\n<div class=\"kantaberlin\">kantaberlin.de<\/div>\n<p>Webdesignerin<br \/>\nKanta Babette Glaser<br \/>\n<i class=\"fa fa-home\"><\/i> Wundtstr. 62<br \/>\n14057 Berlin<br \/>\nGermany<\/p>\n<p><i class=\"fa fa-phone\"><\/i> <a title=\"Anruf: +49 30 27498233\" href=\"tel:+493027498233\">+49 30 27498233<\/a><br \/>\n<i class=\"fa fa-envelope\"><\/i> <a title=\"E-Mail an mich!\" href=\"mailto:mail@kantaberlin.de\">mail@kantaberlin.de<\/a><\/p>\n<p>Die Europ\u00e4ische Kommission stellt eine Plattform zur<br \/>\nOnline-Streitbeilegung (OS) bereit, aufrufbar unter:<br \/>\n<a href=\"http:\/\/ec.europa.eu\/consumers\/odr\/\" target=\"blank\" rel=\"noopener noreferrer\">http:\/\/ec.europa.eu\/consumers\/odr\/<\/a>.<\/p>\n<\/div>\n<p><iframe loading=\"lazy\" class=\"map\" style=\"border: 0; margin-top: 50px;\" src=\"https:\/\/www.google.com\/maps\/embed?pb=!1m18!1m12!1m3!1d2428.434798549421!2d13.282845951596807!3d52.50746997971269!2m3!1f0!2f0!3f0!3m2!1i1024!2i768!4f13.1!3m3!1m2!1s0x47a850d151c740b5%3A0x85405f4b4682d7da!2skantaberlin.de!5e0!3m2!1sde!2sde!4v1490629906986\" width=\"100%\" height=\"400px\" frameborder=\"0\" allowfullscreen=\"allowfullscreen\"><\/iframe><\/p>\n<p><strong>Quellenangaben f\u00fcr die verwendeten Bilder und Grafiken:<\/strong><br \/>\n\u00a9 kantaberlin.de<\/p>\n<p><strong>Haftungshinweis:<\/strong><br \/>\nTrotz sorgf\u00e4ltiger inhaltlicher Kontrolle \u00fcbernehme ich keine Haftung f\u00fcr die Inhalte externer Links. F\u00fcr den Inhalt der verlinkten Seiten sind ausschlie\u00dflich deren Betreiber verantwortlich.<\/p>\n<p><strong>Achtung:<\/strong><br \/>\nWichtiger Hinweis zu allen Links:<br \/>\nMit Urteil vom 12.Mai 1998 &#8211; 312 O 85\/98 &#8211; &#8222;Haftung f\u00fcr Links&#8220; hat das Landgericht (LG) Hamburg entschieden, dass man durch die Anbringung eines Links, die Inhalte der gelinkten Seite ggf. mit zu verantworten hat. Dies kann &#8211; so das LG &#8211; nur dadurch verhindert werden, dass man sich ausdr\u00fccklich von diesen Inhalten distanziert. Als Diensteanbieter sind wir gem\u00e4\u00df \u00a7 7 Abs.1 TMG f\u00fcr eigene Inhalte auf diesen Seiten nach den allgemeinen Gesetzen verantwortlich. Nach \u00a7\u00a7 8 bis 10 TMG sind wir als Diensteanbieter jedoch nicht verpflichtet, \u00fcbermittelte oder gespeicherte fremde Informationen zu \u00fcberwachen oder nach Umst\u00e4nden zu forschen, die auf eine rechtswidrige T\u00e4tigkeit hinweisen. Verpflichtungen zur Entfernung oder Sperrung der Nutzung von Informationen nach den allgemeinen Gesetzen bleiben hiervon unber\u00fchrt. Eine diesbez\u00fcgliche Haftung ist jedoch erst ab dem Zeitpunkt der Kenntnis einer konkreten Rechtsverletzung m\u00f6glich. Bei Bekanntwerden von entsprechenden Rechtsverletzungen werden wir diese Inhalte umgehend entfernen.<\/p>\n<p><strong>Haftung f\u00fcr Links<\/strong><br \/>\nMein Angebot enth\u00e4lt Links zu externen Webseiten Dritter, auf deren Inhalte wir keinen Einfluss haben. Deshalb kann ich f\u00fcr diese fremden Inhalte auch keine Gew\u00e4hr \u00fcbernehmen. F\u00fcr die Inhalte der verlinkten Seiten ist stets der jeweilige Anbieter oder Betreiber der Seiten verantwortlich. Die verlinkten Seiten wurden zum Zeitpunkt der Verlinkung auf m\u00f6gliche Rechtsverst\u00f6\u00dfe \u00fcberpr\u00fcft. Rechtswidrige Inhalte waren zum Zeitpunkt der Verlinkung nicht erkennbar. Eine permanente inhaltliche Kontrolle der verlinkten Seiten ist jedoch ohne konkrete Anhaltspunkte einer Rechtsverletzung nicht zumutbar. Bei Bekanntwerden von Rechtsverletzungen werden wir derartige Links umgehend entfernen.<\/p>\n<p><strong>Urheberrecht<\/strong><br \/>\nDie durch die Seitenbetreiber erstellten Inhalte und Werke auf diesen Seiten unterliegen dem deutschen Urheberrecht. Die Vervielf\u00e4ltigung, Bearbeitung, Verbreitung und jede Art der Verwertung au\u00dferhalb der Grenzen des Urheberrechtes bed\u00fcrfen der schriftlichen Zustimmung des jeweiligen Autors bzw. Erstellers. Downloads und Kopien dieser Seite sind nur f\u00fcr den privaten, nicht kommerziellen Gebrauch gestattet. Soweit die Inhalte auf dieser Seite nicht vom Betreiber erstellt wurden, werden die Urheberrechte Dritter beachtet. Insbesondere werden Inhalte Dritter als solche gekennzeichnet. Sollten Sie trotzdem auf eine Urheberrechtsverletzung aufmerksam werden, bitten wir um einen entsprechenden Hinweis. Bei Bekanntwerden von Rechtsverletzungen werden wir derartige Inhalte umgehend entfernen.<\/p>\n<p><strong>Keine Abmahnung ohne vorherigen Kontakt:<\/strong><br \/>\nSollte der Inhalt oder die Aufmachung dieser Seiten Rechte Dritter oder gesetzliche Bestimmungen verletzen, bitte ich um eine entsprechende Nachricht ohne Kostennote. Die Beseitigung einer m\u00f6glicherweise von diesen Seiten ausgehenden Schutzrechtsverletzung von Schutzrecht-InhaberInnen selbst darf nicht ohne meine Zustimmung erfolgen. Ich garantiere, dass zu Recht beanstandete Sachverhalte unverz\u00fcglich entfernt werden, ohne dass von Ihrer Seite die Einschaltung eines Rechtsanwaltes o. \u00e4. erforderlich ist. Dennoch von Ihnen ohne vorherige Kontaktaufnahme ausgel\u00f6ste Kosten werden wir vollumf\u00e4nglich zur\u00fcckweisen und gegebenenfalls Gegenklage wegen Verletzung vorgenannter Bestimmungen einreichen.<\/p>\n","protected":false},"excerpt":{"rendered":"<p>kantaberlin.de Webdesignerin Kanta Babette Glaser Wundtstr. 62 14057 Berlin Germany +49 30 27498233 mail@kantaberlin.de Die Europ\u00e4ische Kommission stellt eine Plattform zur Online-Streitbeilegung (OS) bereit, aufrufbar unter: http:\/\/ec.europa.eu\/consumers\/odr\/. Quellenangaben f\u00fcr die verwendeten Bilder und Grafiken: \u00a9 kantaberlin.de Haftungshinweis: Trotz sorgf\u00e4ltiger inhaltlicher Kontrolle \u00fcbernehme ich keine Haftung f\u00fcr die Inhalte externer Links. F\u00fcr den Inhalt der verlinkten [&hellip;]<\/p>\n","protected":false},"author":3,"featured_media":1079,"parent":0,"menu_order":0,"comment_status":"closed","ping_status":"closed","template":"","meta":{"footnotes":""},"class_list":["post-405","page","type-page","status-publish","has-post-thumbnail","hentry"],"yoast_head":"<!-- This site is optimized with the Yoast SEO plugin v27.3 - https:\/\/yoast.com\/product\/yoast-seo-wordpress\/ -->\n<title>kantaberlin.de - Webdesign &amp; More! - Blog - Portfolio - Wordpress - Responsive Webseiten - Nachhilfe - Fotos - Grafikdesign<\/title>\n<meta name=\"description\" content=\"Blog - Webdesign - Portfolio - Fotografie von Kanta Babette Glaser: kantaberlin.de - Made in Berlin - Nachhilfe - Grafikdesign - Responsive Webseiten\" \/>\n<meta name=\"robots\" content=\"index, follow, max-snippet:-1, max-image-preview:large, max-video-preview:-1\" \/>\n<link rel=\"canonical\" href=\"https:\/\/www.kantaberlin.de\/my-blog\/impressum\/\" \/>\n<meta name=\"twitter:card\" content=\"summary_large_image\" \/>\n<meta name=\"twitter:title\" content=\"kantaberlin.de - Webdesign &amp; More! - Blog - Portfolio - Wordpress - Responsive Webseiten - Nachhilfe - Fotos - Grafikdesign\" \/>\n<meta name=\"twitter:description\" content=\"Blog - Webdesign - Portfolio - Fotografie von Kanta Babette Glaser: kantaberlin.de - Made in Berlin - Nachhilfe - Grafikdesign - Responsive Webseiten\" \/>\n<meta name=\"twitter:image\" content=\"https:\/\/www.kantaberlin.de\/my-blog\/wp-content\/uploads\/2017\/03\/kantaberlin-buero-telefon.gif\" \/>\n<meta name=\"twitter:label1\" content=\"Gesch\u00e4tzte Lesezeit\" \/>\n\t<meta name=\"twitter:data1\" content=\"3\u00a0Minuten\" \/>\n<script type=\"application\/ld+json\" class=\"yoast-schema-graph\">{\"@context\":\"https:\\\/\\\/schema.org\",\"@graph\":[{\"@type\":\"WebPage\",\"@id\":\"https:\\\/\\\/www.kantaberlin.de\\\/my-blog\\\/impressum\\\/\",\"url\":\"https:\\\/\\\/www.kantaberlin.de\\\/my-blog\\\/impressum\\\/\",\"name\":\"kantaberlin.de - Webdesign & More! - Blog - Portfolio - Wordpress - Responsive Webseiten - Nachhilfe - Fotos - Grafikdesign\",\"isPartOf\":{\"@id\":\"https:\\\/\\\/www.kantaberlin.de\\\/my-blog\\\/#website\"},\"primaryImageOfPage\":{\"@id\":\"https:\\\/\\\/www.kantaberlin.de\\\/my-blog\\\/impressum\\\/#primaryimage\"},\"image\":{\"@id\":\"https:\\\/\\\/www.kantaberlin.de\\\/my-blog\\\/impressum\\\/#primaryimage\"},\"thumbnailUrl\":\"https:\\\/\\\/www.kantaberlin.de\\\/my-blog\\\/wp-content\\\/uploads\\\/2017\\\/03\\\/kantaberlin-buero-telefon.gif\",\"datePublished\":\"2016-06-21T13:24:30+00:00\",\"dateModified\":\"2021-12-07T09:10:15+00:00\",\"description\":\"Blog - Webdesign - Portfolio - Fotografie von Kanta Babette Glaser: kantaberlin.de - Made in Berlin - Nachhilfe - Grafikdesign - Responsive Webseiten\",\"breadcrumb\":{\"@id\":\"https:\\\/\\\/www.kantaberlin.de\\\/my-blog\\\/impressum\\\/#breadcrumb\"},\"inLanguage\":\"de\",\"potentialAction\":[{\"@type\":\"ReadAction\",\"target\":[\"https:\\\/\\\/www.kantaberlin.de\\\/my-blog\\\/impressum\\\/\"]}]},{\"@type\":\"ImageObject\",\"inLanguage\":\"de\",\"@id\":\"https:\\\/\\\/www.kantaberlin.de\\\/my-blog\\\/impressum\\\/#primaryimage\",\"url\":\"https:\\\/\\\/www.kantaberlin.de\\\/my-blog\\\/wp-content\\\/uploads\\\/2017\\\/03\\\/kantaberlin-buero-telefon.gif\",\"contentUrl\":\"https:\\\/\\\/www.kantaberlin.de\\\/my-blog\\\/wp-content\\\/uploads\\\/2017\\\/03\\\/kantaberlin-buero-telefon.gif\",\"width\":500,\"height\":500},{\"@type\":\"BreadcrumbList\",\"@id\":\"https:\\\/\\\/www.kantaberlin.de\\\/my-blog\\\/impressum\\\/#breadcrumb\",\"itemListElement\":[{\"@type\":\"ListItem\",\"position\":1,\"name\":\"Home\",\"item\":\"https:\\\/\\\/www.kantaberlin.de\\\/my-blog\\\/en\\\/kantaberlin-de-2\\\/\"},{\"@type\":\"ListItem\",\"position\":2,\"name\":\"Impressum\"}]},{\"@type\":\"WebSite\",\"@id\":\"https:\\\/\\\/www.kantaberlin.de\\\/my-blog\\\/#website\",\"url\":\"https:\\\/\\\/www.kantaberlin.de\\\/my-blog\\\/\",\"name\":\"kantaberlin.de\",\"description\":\"Webdesign, WordPress &amp; More!\",\"potentialAction\":[{\"@type\":\"SearchAction\",\"target\":{\"@type\":\"EntryPoint\",\"urlTemplate\":\"https:\\\/\\\/www.kantaberlin.de\\\/my-blog\\\/?s={search_term_string}\"},\"query-input\":{\"@type\":\"PropertyValueSpecification\",\"valueRequired\":true,\"valueName\":\"search_term_string\"}}],\"inLanguage\":\"de\"}]}<\/script>\n<!-- \/ Yoast SEO plugin. -->","yoast_head_json":{"title":"kantaberlin.de - Webdesign & More! - Blog - Portfolio - Wordpress - Responsive Webseiten - Nachhilfe - Fotos - Grafikdesign","description":"Blog - Webdesign - Portfolio - Fotografie von Kanta Babette Glaser: kantaberlin.de - Made in Berlin - Nachhilfe - Grafikdesign - Responsive Webseiten","robots":{"index":"index","follow":"follow","max-snippet":"max-snippet:-1","max-image-preview":"max-image-preview:large","max-video-preview":"max-video-preview:-1"},"canonical":"https:\/\/www.kantaberlin.de\/my-blog\/impressum\/","twitter_card":"summary_large_image","twitter_title":"kantaberlin.de - Webdesign & More! - Blog - Portfolio - Wordpress - Responsive Webseiten - Nachhilfe - Fotos - Grafikdesign","twitter_description":"Blog - Webdesign - Portfolio - Fotografie von Kanta Babette Glaser: kantaberlin.de - Made in Berlin - Nachhilfe - Grafikdesign - Responsive Webseiten","twitter_image":"https:\/\/www.kantaberlin.de\/my-blog\/wp-content\/uploads\/2017\/03\/kantaberlin-buero-telefon.gif","twitter_misc":{"Gesch\u00e4tzte Lesezeit":"3\u00a0Minuten"},"schema":{"@context":"https:\/\/schema.org","@graph":[{"@type":"WebPage","@id":"https:\/\/www.kantaberlin.de\/my-blog\/impressum\/","url":"https:\/\/www.kantaberlin.de\/my-blog\/impressum\/","name":"kantaberlin.de - Webdesign & More! - Blog - Portfolio - Wordpress - Responsive Webseiten - Nachhilfe - Fotos - Grafikdesign","isPartOf":{"@id":"https:\/\/www.kantaberlin.de\/my-blog\/#website"},"primaryImageOfPage":{"@id":"https:\/\/www.kantaberlin.de\/my-blog\/impressum\/#primaryimage"},"image":{"@id":"https:\/\/www.kantaberlin.de\/my-blog\/impressum\/#primaryimage"},"thumbnailUrl":"https:\/\/www.kantaberlin.de\/my-blog\/wp-content\/uploads\/2017\/03\/kantaberlin-buero-telefon.gif","datePublished":"2016-06-21T13:24:30+00:00","dateModified":"2021-12-07T09:10:15+00:00","description":"Blog - Webdesign - Portfolio - Fotografie von Kanta Babette Glaser: kantaberlin.de - Made in Berlin - Nachhilfe - Grafikdesign - Responsive Webseiten","breadcrumb":{"@id":"https:\/\/www.kantaberlin.de\/my-blog\/impressum\/#breadcrumb"},"inLanguage":"de","potentialAction":[{"@type":"ReadAction","target":["https:\/\/www.kantaberlin.de\/my-blog\/impressum\/"]}]},{"@type":"ImageObject","inLanguage":"de","@id":"https:\/\/www.kantaberlin.de\/my-blog\/impressum\/#primaryimage","url":"https:\/\/www.kantaberlin.de\/my-blog\/wp-content\/uploads\/2017\/03\/kantaberlin-buero-telefon.gif","contentUrl":"https:\/\/www.kantaberlin.de\/my-blog\/wp-content\/uploads\/2017\/03\/kantaberlin-buero-telefon.gif","width":500,"height":500},{"@type":"BreadcrumbList","@id":"https:\/\/www.kantaberlin.de\/my-blog\/impressum\/#breadcrumb","itemListElement":[{"@type":"ListItem","position":1,"name":"Home","item":"https:\/\/www.kantaberlin.de\/my-blog\/en\/kantaberlin-de-2\/"},{"@type":"ListItem","position":2,"name":"Impressum"}]},{"@type":"WebSite","@id":"https:\/\/www.kantaberlin.de\/my-blog\/#website","url":"https:\/\/www.kantaberlin.de\/my-blog\/","name":"kantaberlin.de","description":"Webdesign, WordPress &amp; More!","potentialAction":[{"@type":"SearchAction","target":{"@type":"EntryPoint","urlTemplate":"https:\/\/www.kantaberlin.de\/my-blog\/?s={search_term_string}"},"query-input":{"@type":"PropertyValueSpecification","valueRequired":true,"valueName":"search_term_string"}}],"inLanguage":"de"}]}},"_links":{"self":[{"href":"https:\/\/www.kantaberlin.de\/my-blog\/wp-json\/wp\/v2\/pages\/405","targetHints":{"allow":["GET"]}}],"collection":[{"href":"https:\/\/www.kantaberlin.de\/my-blog\/wp-json\/wp\/v2\/pages"}],"about":[{"href":"https:\/\/www.kantaberlin.de\/my-blog\/wp-json\/wp\/v2\/types\/page"}],"author":[{"embeddable":true,"href":"https:\/\/www.kantaberlin.de\/my-blog\/wp-json\/wp\/v2\/users\/3"}],"replies":[{"embeddable":true,"href":"https:\/\/www.kantaberlin.de\/my-blog\/wp-json\/wp\/v2\/comments?post=405"}],"version-history":[{"count":0,"href":"https:\/\/www.kantaberlin.de\/my-blog\/wp-json\/wp\/v2\/pages\/405\/revisions"}],"wp:featuredmedia":[{"embeddable":true,"href":"https:\/\/www.kantaberlin.de\/my-blog\/wp-json\/wp\/v2\/media\/1079"}],"wp:attachment":[{"href":"https:\/\/www.kantaberlin.de\/my-blog\/wp-json\/wp\/v2\/media?parent=405"}],"curies":[{"name":"wp","href":"https:\/\/api.w.org\/{rel}","templated":true}]}}